{"id":3,"date":"2019-11-21T22:23:40","date_gmt":"2019-11-21T22:23:40","guid":{"rendered":"http:\/\/aprenderquechua.com\/?page_id=3"},"modified":"2021-04-05T12:22:16","modified_gmt":"2021-04-05T18:22:16","slug":"politica-privacidad","status":"publish","type":"page","link":"https:\/\/aprenderde.com\/quechua-cusco\/politica-privacidad\/","title":{"rendered":"Pol\u00edtica de privacidad"},"content":{"rendered":"\n<div id=\"ez-toc-container\" class=\"ez-toc-v2_0_81 counter-hierarchy ez-toc-counter ez-toc-light-blue ez-toc-container-direction\">\n<p class=\"ez-toc-title\" style=\"cursor:inherit\">Tabla de contenidos<\/p>\n<label for=\"ez-toc-cssicon-toggle-item-69e159483bc77\" class=\"ez-toc-cssicon-toggle-label\"><span class=\"\"><span class=\"eztoc-hide\" style=\"display:none;\">Toggle<\/span><span class=\"ez-toc-icon-toggle-span\"><svg style=\"fill: #999;color:#999\" xmlns=\"http:\/\/www.w3.org\/2000\/svg\" class=\"list-377408\" width=\"20px\" height=\"20px\" viewBox=\"0 0 24 24\" fill=\"none\"><path d=\"M6 6H4v2h2V6zm14 0H8v2h12V6zM4 11h2v2H4v-2zm16 0H8v2h12v-2zM4 16h2v2H4v-2zm16 0H8v2h12v-2z\" fill=\"currentColor\"><\/path><\/svg><svg style=\"fill: #999;color:#999\" class=\"arrow-unsorted-368013\" xmlns=\"http:\/\/www.w3.org\/2000\/svg\" width=\"10px\" height=\"10px\" viewBox=\"0 0 24 24\" version=\"1.2\" baseProfile=\"tiny\"><path d=\"M18.2 9.3l-6.2-6.3-6.2 6.3c-.2.2-.3.4-.3.7s.1.5.3.7c.2.2.4.3.7.3h11c.3 0 .5-.1.7-.3.2-.2.3-.5.3-.7s-.1-.5-.3-.7zM5.8 14.7l6.2 6.3 6.2-6.3c.2-.2.3-.5.3-.7s-.1-.5-.3-.7c-.2-.2-.4-.3-.7-.3h-11c-.3 0-.5.1-.7.3-.2.2-.3.5-.3.7s.1.5.3.7z\"\/><\/svg><\/span><\/span><\/label><input type=\"checkbox\"  id=\"ez-toc-cssicon-toggle-item-69e159483bc77\"  aria-label=\"Alternar\" \/><nav><ul class='ez-toc-list ez-toc-list-level-1 ' ><li class='ez-toc-page-1 ez-toc-heading-level-2'><a class=\"ez-toc-link ez-toc-heading-1\" href=\"https:\/\/aprenderde.com\/quechua-cusco\/politica-privacidad\/#Quienes_somos\" >Qui\u00e9nes somos<\/a><\/li><li class='ez-toc-page-1 ez-toc-heading-level-2'><a class=\"ez-toc-link ez-toc-heading-2\" href=\"https:\/\/aprenderde.com\/quechua-cusco\/politica-privacidad\/#Que_datos_personales_recogemos_y_por_que_los_recogemos\" >Qu\u00e9 datos personales recogemos y por qu\u00e9 los recogemos<\/a><ul class='ez-toc-list-level-3' ><li class='ez-toc-heading-level-3'><a class=\"ez-toc-link ez-toc-heading-3\" href=\"https:\/\/aprenderde.com\/quechua-cusco\/politica-privacidad\/#Comentarios\" >Comentarios<\/a><\/li><li class='ez-toc-page-1 ez-toc-heading-level-3'><a class=\"ez-toc-link ez-toc-heading-4\" href=\"https:\/\/aprenderde.com\/quechua-cusco\/politica-privacidad\/#Medios\" >Medios<\/a><\/li><li class='ez-toc-page-1 ez-toc-heading-level-3'><a class=\"ez-toc-link ez-toc-heading-5\" href=\"https:\/\/aprenderde.com\/quechua-cusco\/politica-privacidad\/#Formularios_de_contacto\" >Formularios de contacto<\/a><\/li><li class='ez-toc-page-1 ez-toc-heading-level-3'><a class=\"ez-toc-link ez-toc-heading-6\" href=\"https:\/\/aprenderde.com\/quechua-cusco\/politica-privacidad\/#Cookies\" >Cookies<\/a><\/li><li class='ez-toc-page-1 ez-toc-heading-level-3'><a class=\"ez-toc-link ez-toc-heading-7\" href=\"https:\/\/aprenderde.com\/quechua-cusco\/politica-privacidad\/#Contenido_incrustado_de_otros_sitios_web\" >Contenido incrustado de otros sitios web<\/a><\/li><li class='ez-toc-page-1 ez-toc-heading-level-3'><a class=\"ez-toc-link ez-toc-heading-8\" href=\"https:\/\/aprenderde.com\/quechua-cusco\/politica-privacidad\/#Analitica\" >Anal\u00edtica<\/a><\/li><\/ul><\/li><li class='ez-toc-page-1 ez-toc-heading-level-2'><a class=\"ez-toc-link ez-toc-heading-9\" href=\"https:\/\/aprenderde.com\/quechua-cusco\/politica-privacidad\/#Con_quien_compartimos_tus_datos\" >Con qui\u00e9n compartimos tus datos<\/a><\/li><li class='ez-toc-page-1 ez-toc-heading-level-2'><a class=\"ez-toc-link ez-toc-heading-10\" href=\"https:\/\/aprenderde.com\/quechua-cusco\/politica-privacidad\/#Cuanto_tiempo_conservamos_tus_datos\" >Cu\u00e1nto tiempo conservamos tus datos<\/a><\/li><li class='ez-toc-page-1 ez-toc-heading-level-2'><a class=\"ez-toc-link ez-toc-heading-11\" href=\"https:\/\/aprenderde.com\/quechua-cusco\/politica-privacidad\/#Que_derechos_tienes_sobre_tus_datos\" >Qu\u00e9 derechos tienes sobre tus datos<\/a><\/li><li class='ez-toc-page-1 ez-toc-heading-level-2'><a class=\"ez-toc-link ez-toc-heading-12\" href=\"https:\/\/aprenderde.com\/quechua-cusco\/politica-privacidad\/#Donde_enviamos_tus_datos\" >D\u00f3nde enviamos tus datos<\/a><\/li><li class='ez-toc-page-1 ez-toc-heading-level-2'><a class=\"ez-toc-link ez-toc-heading-13\" href=\"https:\/\/aprenderde.com\/quechua-cusco\/politica-privacidad\/#Tu_informacion_de_contacto\" >Tu informaci\u00f3n de contacto<\/a><\/li><li class='ez-toc-page-1 ez-toc-heading-level-2'><a class=\"ez-toc-link ez-toc-heading-14\" href=\"https:\/\/aprenderde.com\/quechua-cusco\/politica-privacidad\/#Informacion_adicional\" >Informaci\u00f3n adicional<\/a><ul class='ez-toc-list-level-3' ><li class='ez-toc-heading-level-3'><a class=\"ez-toc-link ez-toc-heading-15\" href=\"https:\/\/aprenderde.com\/quechua-cusco\/politica-privacidad\/#Como_protegemos_tus_datos\" >C\u00f3mo protegemos tus datos<\/a><\/li><li class='ez-toc-page-1 ez-toc-heading-level-3'><a class=\"ez-toc-link ez-toc-heading-16\" href=\"https:\/\/aprenderde.com\/quechua-cusco\/politica-privacidad\/#Que_procedimientos_utilizamos_contra_las_brechas_de_datos\" >Qu\u00e9 procedimientos utilizamos contra las brechas de datos<\/a><\/li><li class='ez-toc-page-1 ez-toc-heading-level-3'><a class=\"ez-toc-link ez-toc-heading-17\" href=\"https:\/\/aprenderde.com\/quechua-cusco\/politica-privacidad\/#De_que_terceros_recibimos_datos\" >De qu\u00e9 terceros recibimos datos<\/a><\/li><li class='ez-toc-page-1 ez-toc-heading-level-3'><a class=\"ez-toc-link ez-toc-heading-18\" href=\"https:\/\/aprenderde.com\/quechua-cusco\/politica-privacidad\/#Que_tipo_de_toma_de_decisiones_automatizada_yo_perfilado_hacemos_con_los_datos_del_usuario\" >Qu\u00e9 tipo de toma de decisiones automatizada y\/o perfilado hacemos con los datos del usuario<\/a><\/li><li class='ez-toc-page-1 ez-toc-heading-level-3'><a class=\"ez-toc-link ez-toc-heading-19\" href=\"https:\/\/aprenderde.com\/quechua-cusco\/politica-privacidad\/#Requerimientos_regulatorios_de_revelacion_de_informacion_del_sector\" >Requerimientos regulatorios de revelaci\u00f3n de informaci\u00f3n del sector<\/a><\/li><\/ul><\/li><\/ul><\/nav><\/div>\n<h2 class=\"wp-block-heading\"><span class=\"ez-toc-section\" id=\"Quienes_somos\"><\/span>Qui\u00e9nes somos<span class=\"ez-toc-section-end\"><\/span><\/h2>\n\n\n\n<p>La direcci\u00f3n de nuestra web es: http:\/\/aprenderquechua.com.<\/p>\n\n\n\n<div class=\"wp-block-image\"><figure class=\"aligncenter size-large\"><img loading=\"lazy\" decoding=\"async\" width=\"450\" height=\"270\" src=\"https:\/\/aprenderde.com\/quechua-cusco\/wp-content\/uploads\/2021\/04\/yape-QR-web.jpg\" alt=\"Aprender Quechua\" class=\"wp-image-1406\" srcset=\"https:\/\/aprenderde.com\/quechua-cusco\/wp-content\/uploads\/2021\/04\/yape-QR-web.jpg 450w, https:\/\/aprenderde.com\/quechua-cusco\/wp-content\/uploads\/2021\/04\/yape-QR-web-300x180.jpg 300w\" sizes=\"auto, (max-width: 450px) 100vw, 450px\" \/><\/figure><\/div>\n\n\n\n<h2 class=\"wp-block-heading\"><span class=\"ez-toc-section\" id=\"Que_datos_personales_recogemos_y_por_que_los_recogemos\"><\/span>Qu\u00e9 datos personales recogemos y por qu\u00e9 los recogemos<span class=\"ez-toc-section-end\"><\/span><\/h2>\n\n\n\n<h3 class=\"wp-block-heading\"><span class=\"ez-toc-section\" id=\"Comentarios\"><\/span>Comentarios<span class=\"ez-toc-section-end\"><\/span><\/h3>\n\n\n\n<p>Cuando los visitantes dejan comentarios en la web, recopilamos los datos que se muestran en el formulario de comentarios, as\u00ed como la direcci\u00f3n IP del visitante y la cadena de agentes de usuario del navegador para ayudar a la detecci\u00f3n de spam.<\/p>\n\n\n\n<p>Una cadena an\u00f3nima creada a partir de tu direcci\u00f3n de correo electr\u00f3nico (tambi\u00e9n llamada hash) puede ser proporcionada al servicio de Gravatar para ver si la est\u00e1s usando. La pol\u00edtica de privacidad del servicio Gravatar est\u00e1 disponible aqu\u00ed: https:\/\/automattic.com\/privacy\/. Despu\u00e9s de la aprobaci\u00f3n de tu comentario, la imagen de tu perfil es visible para el p\u00fablico en el contexto de tu comentario.<\/p>\n\n\n\n<h3 class=\"wp-block-heading\"><span class=\"ez-toc-section\" id=\"Medios\"><\/span>Medios<span class=\"ez-toc-section-end\"><\/span><\/h3>\n\n\n\n<p>Si subes im\u00e1genes a la web, deber\u00edas evitar subir im\u00e1genes con datos de ubicaci\u00f3n (GPS EXIF) incluidos. Los visitantes de la web pueden descargar y extraer cualquier dato de ubicaci\u00f3n de las im\u00e1genes de la web.<\/p>\n\n\n\n<h3 class=\"wp-block-heading\"><span class=\"ez-toc-section\" id=\"Formularios_de_contacto\"><\/span>Formularios de contacto<span class=\"ez-toc-section-end\"><\/span><\/h3>\n\n\n\n<h3 class=\"wp-block-heading\"><span class=\"ez-toc-section\" id=\"Cookies\"><\/span>Cookies<span class=\"ez-toc-section-end\"><\/span><\/h3>\n\n\n\n<p>Si dejas un comentario en nuestro sitio puedes elegir guardar tu nombre, direcci\u00f3n de correo electr\u00f3nico y web en cookies. Esto es para tu comodidad, para que no tengas que volver a rellenar tus datos cuando dejes otro comentario. Estas cookies tendr\u00e1n una duraci\u00f3n de un a\u00f1o.<\/p>\n\n\n\n<p>Si tienes una cuenta y te conectas a este sitio, instalaremos una cookie temporal para determinar si tu navegador acepta cookies. Esta cookie no contiene datos personales y se elimina al cerrar el navegador.<\/p>\n\n\n\n<p>Cuando accedas, tambi\u00e9n instalaremos varias cookies para guardar tu informaci\u00f3n de acceso y tus opciones de visualizaci\u00f3n de pantalla. Las cookies de acceso duran dos d\u00edas, y las cookies de opciones de pantalla duran un a\u00f1o. Si seleccionas \u00abRecu\u00e9rdarme\u00bb, tu acceso perdurar\u00e1 durante dos semanas. Si sales de tu cuenta, las cookies de acceso se eliminar\u00e1n.<\/p>\n\n\n\n<p>Si editas o publicas un art\u00edculo se guardar\u00e1 una cookie adicional en tu navegador. Esta cookie no incluye datos personales y simplemente indica el ID del art\u00edculo que acabas de editar. Caduca despu\u00e9s de 1 d\u00eda.<\/p>\n\n\n\n<h3 class=\"wp-block-heading\"><span class=\"ez-toc-section\" id=\"Contenido_incrustado_de_otros_sitios_web\"><\/span>Contenido incrustado de otros sitios web<span class=\"ez-toc-section-end\"><\/span><\/h3>\n\n\n\n<p>Los art\u00edculos de este sitio pueden incluir contenido incrustado (por ejemplo, v\u00eddeos, im\u00e1genes, art\u00edculos, etc.). El contenido incrustado de otras webs se comporta exactamente de la misma manera que si el visitante hubiera visitado la otra web.<\/p>\n\n\n\n<p>Estas web pueden recopilar datos sobre ti, utilizar cookies, incrustar un seguimiento adicional de terceros, y supervisar tu interacci\u00f3n con ese contenido incrustado, incluido el seguimiento de tu interacci\u00f3n con el contenido incrustado si tienes una cuenta y est\u00e1s conectado a esa web.<\/p>\n\n\n\n<h3 class=\"wp-block-heading\"><span class=\"ez-toc-section\" id=\"Analitica\"><\/span>Anal\u00edtica<span class=\"ez-toc-section-end\"><\/span><\/h3>\n\n\n\n<h2 class=\"wp-block-heading\"><span class=\"ez-toc-section\" id=\"Con_quien_compartimos_tus_datos\"><\/span>Con qui\u00e9n compartimos tus datos<span class=\"ez-toc-section-end\"><\/span><\/h2>\n\n\n\n<h2 class=\"wp-block-heading\"><span class=\"ez-toc-section\" id=\"Cuanto_tiempo_conservamos_tus_datos\"><\/span>Cu\u00e1nto tiempo conservamos tus datos<span class=\"ez-toc-section-end\"><\/span><\/h2>\n\n\n\n<p>Si dejas un comentario, el comentario y sus metadatos se conservan indefinidamente. Esto es para que podamos reconocer y aprobar comentarios sucesivos autom\u00e1ticamente, en lugar de mantenerlos en una cola de moderaci\u00f3n.<\/p>\n\n\n\n<p>De los usuarios que se registran en nuestra web (si los hay), tambi\u00e9n almacenamos la informaci\u00f3n personal que proporcionan en su perfil de usuario. Todos los usuarios pueden ver, editar o eliminar su informaci\u00f3n personal en cualquier momento (excepto que no pueden cambiar su nombre de usuario). Los administradores de la web tambi\u00e9n pueden ver y editar esa informaci\u00f3n.<\/p>\n\n\n\n<h2 class=\"wp-block-heading\"><span class=\"ez-toc-section\" id=\"Que_derechos_tienes_sobre_tus_datos\"><\/span>Qu\u00e9 derechos tienes sobre tus datos<span class=\"ez-toc-section-end\"><\/span><\/h2>\n\n\n\n<p>Si tienes una cuenta o has dejado comentarios en esta web, puedes solicitar recibir un archivo de exportaci\u00f3n de los datos personales que tenemos sobre ti, incluyendo cualquier dato que nos hayas proporcionado. Tambi\u00e9n puedes solicitar que eliminemos cualquier dato personal que tengamos sobre ti. Esto no incluye ning\u00fan dato que estemos obligados a conservar con fines administrativos, legales o de seguridad.<\/p>\n\n\n\n<h2 class=\"wp-block-heading\"><span class=\"ez-toc-section\" id=\"Donde_enviamos_tus_datos\"><\/span>D\u00f3nde enviamos tus datos<span class=\"ez-toc-section-end\"><\/span><\/h2>\n\n\n\n<p>Los comentarios de los visitantes puede que los revise un servicio de detecci\u00f3n autom\u00e1tica de spam.<\/p>\n\n\n\n<h2 class=\"wp-block-heading\"><span class=\"ez-toc-section\" id=\"Tu_informacion_de_contacto\"><\/span>Tu informaci\u00f3n de contacto<span class=\"ez-toc-section-end\"><\/span><\/h2>\n\n\n\n<h2 class=\"wp-block-heading\"><span class=\"ez-toc-section\" id=\"Informacion_adicional\"><\/span>Informaci\u00f3n adicional<span class=\"ez-toc-section-end\"><\/span><\/h2>\n\n\n\n<h3 class=\"wp-block-heading\"><span class=\"ez-toc-section\" id=\"Como_protegemos_tus_datos\"><\/span>C\u00f3mo protegemos tus datos<span class=\"ez-toc-section-end\"><\/span><\/h3>\n\n\n\n<h3 class=\"wp-block-heading\"><span class=\"ez-toc-section\" id=\"Que_procedimientos_utilizamos_contra_las_brechas_de_datos\"><\/span>Qu\u00e9 procedimientos utilizamos contra las brechas de datos<span class=\"ez-toc-section-end\"><\/span><\/h3>\n\n\n\n<h3 class=\"wp-block-heading\"><span class=\"ez-toc-section\" id=\"De_que_terceros_recibimos_datos\"><\/span>De qu\u00e9 terceros recibimos datos<span class=\"ez-toc-section-end\"><\/span><\/h3>\n\n\n\n<h3 class=\"wp-block-heading\"><span class=\"ez-toc-section\" id=\"Que_tipo_de_toma_de_decisiones_automatizada_yo_perfilado_hacemos_con_los_datos_del_usuario\"><\/span>Qu\u00e9 tipo de toma de decisiones automatizada y\/o perfilado hacemos con los datos del usuario<span class=\"ez-toc-section-end\"><\/span><\/h3>\n\n\n\n<h3 class=\"wp-block-heading\"><span class=\"ez-toc-section\" id=\"Requerimientos_regulatorios_de_revelacion_de_informacion_del_sector\"><\/span>Requerimientos regulatorios de revelaci\u00f3n de informaci\u00f3n del sector<span class=\"ez-toc-section-end\"><\/span><\/h3>\n","protected":false},"excerpt":{"rendered":"<p>Qui\u00e9nes somos La direcci\u00f3n de nuestra web es: http:\/\/aprenderquechua.com. Qu\u00e9 datos personales recogemos y por qu\u00e9 los recogemos Comentarios Cuando los visitantes dejan comentarios en la web, recopilamos los datos que se muestran en el formulario de comentarios, as\u00ed como la direcci\u00f3n IP del visitante y la cadena de agentes de usuario del navegador para &#8230; <a title=\"Pol\u00edtica de privacidad\" class=\"read-more\" href=\"https:\/\/aprenderde.com\/quechua-cusco\/politica-privacidad\/\" aria-label=\"Leer m\u00e1s sobre Pol\u00edtica de privacidad\">Leer m\u00e1s<\/a><\/p>\n","protected":false},"author":1,"featured_media":0,"parent":0,"menu_order":0,"comment_status":"closed","ping_status":"open","template":"","meta":{"footnotes":""},"class_list":["post-3","page","type-page","status-publish"],"_links":{"self":[{"href":"https:\/\/aprenderde.com\/quechua-cusco\/wp-json\/wp\/v2\/pages\/3","targetHints":{"allow":["GET"]}}],"collection":[{"href":"https:\/\/aprenderde.com\/quechua-cusco\/wp-json\/wp\/v2\/pages"}],"about":[{"href":"https:\/\/aprenderde.com\/quechua-cusco\/wp-json\/wp\/v2\/types\/page"}],"author":[{"embeddable":true,"href":"https:\/\/aprenderde.com\/quechua-cusco\/wp-json\/wp\/v2\/users\/1"}],"replies":[{"embeddable":true,"href":"https:\/\/aprenderde.com\/quechua-cusco\/wp-json\/wp\/v2\/comments?post=3"}],"version-history":[{"count":2,"href":"https:\/\/aprenderde.com\/quechua-cusco\/wp-json\/wp\/v2\/pages\/3\/revisions"}],"predecessor-version":[{"id":1410,"href":"https:\/\/aprenderde.com\/quechua-cusco\/wp-json\/wp\/v2\/pages\/3\/revisions\/1410"}],"wp:attachment":[{"href":"https:\/\/aprenderde.com\/quechua-cusco\/wp-json\/wp\/v2\/media?parent=3"}],"curies":[{"name":"wp","href":"https:\/\/api.w.org\/{rel}","templated":true}]}}