{"id":729,"date":"2019-12-24T10:50:07","date_gmt":"2019-12-24T16:50:07","guid":{"rendered":"https:\/\/aprenderquechua.com\/?page_id=729"},"modified":"2021-06-21T19:53:56","modified_gmt":"2021-06-22T01:53:56","slug":"vocabulario-quechua","status":"publish","type":"page","link":"https:\/\/aprenderde.com\/quechua-cusco\/vocabulario-quechua\/","title":{"rendered":"Vocabulario quechua"},"content":{"rendered":"\n<!-- In-article1 -->\n<ins class=\"adsbygoogle\" style=\"display:block; text-align:center;\" data-ad-layout=\"in-article\" data-ad-format=\"fluid\" data-ad-client=\"ca-pub-1730987954818825\" data-ad-slot=\"7368134539\"><\/ins>\n<script>\n     (adsbygoogle = window.adsbygoogle || []).push({});\n<\/script>\n\n\n\n<p>En esta secci\u00f3n podr\u00e1s encontrar los siguientes temas:<\/p>\n\n\n\n<div class=\"wp-block-columns is-layout-flex wp-container-core-columns-is-layout-9d6595d7 wp-block-columns-is-layout-flex\">\n<div class=\"wp-block-column is-layout-flow wp-block-column-is-layout-flow\">\n<h2 class=\"has-text-align-center wp-block-heading\"><span style=\"color:#0073A8\" class=\"tadv-color\">Vocabulario 1: Verbos b\u00e1sicos<\/span><\/h2>\n\n\n\n<p class=\"has-text-align-center\">Una <strong>lista de 40 verbos<\/strong> b\u00e1sicos del idioma quechua.<\/p>\n\n\n\n<div class=\"wp-block-button aligncenter\"><a class=\"wp-block-button__link\" href=\"https:\/\/aprenderde.com\/quechua-cusco\/vocabulario\/verbos-basicos-en-quechua\/\">VER TEMA<\/a><\/div>\n<\/div>\n\n\n\n<div class=\"wp-block-column is-layout-flow wp-block-column-is-layout-flow\">\n<h2 class=\"has-text-align-center wp-block-heading\"><span style=\"color:#0073A8\" class=\"tadv-color\">Vocabulario 2: La familia en quechua<\/span><\/h2>\n\n\n\n<p class=\"has-text-align-center\">Personas y miembros de la familia en quechua.<\/p>\n\n\n\n<div class=\"wp-block-button aligncenter\"><a class=\"wp-block-button__link\" href=\"https:\/\/aprenderde.com\/quechua-cusco\/vocabulario\/miembros-de-familia-en-quechua\/\">VER TEMA<\/a><\/div>\n<\/div>\n<\/div>\n\n\n\n<figure class=\"wp-block-image size-full\"><a href=\"https:\/\/aprenderde.com\/quechua-cusco\/contacto\/\"><img loading=\"lazy\" decoding=\"async\" width=\"700\" height=\"431\" src=\"https:\/\/aprenderde.com\/quechua-cusco\/wp-content\/uploads\/2021\/06\/clases-virtuales.jpg\" alt=\"\" class=\"wp-image-1533\" srcset=\"https:\/\/aprenderde.com\/quechua-cusco\/wp-content\/uploads\/2021\/06\/clases-virtuales.jpg 700w, https:\/\/aprenderde.com\/quechua-cusco\/wp-content\/uploads\/2021\/06\/clases-virtuales-300x185.jpg 300w, https:\/\/aprenderde.com\/quechua-cusco\/wp-content\/uploads\/2021\/06\/clases-virtuales-676x416.jpg 676w\" sizes=\"auto, (max-width: 700px) 100vw, 700px\" \/><\/a><figcaption>Cont\u00e1ctame por WhatsApp o Telegram:<\/figcaption><\/figure>\n\n\n\n<div class=\"wp-block-buttons aligncenter is-layout-flex wp-block-buttons-is-layout-flex\">\n<div class=\"wp-block-button\"><a class=\"wp-block-button__link has-background\" href=\"https:\/\/wa.me\/51978705986\" style=\"border-radius:2px;background-color:#1ec53f\" target=\"_blank\" rel=\"noopener\">WhatsApp: +51 978 705 986<\/a><\/div>\n\n\n\n<div class=\"wp-block-button is-style-outline is-style-outline--1\"><a class=\"wp-block-button__link has-text-color has-background\" href=\"https:\/\/t.me\/AprenderQuechuaCom\" style=\"border-radius:2px;background-color:#1c90cc;color:#ffffff\">Telegram<\/a><\/div>\n<\/div>\n\n\n\n<div class=\"wp-block-columns is-layout-flex wp-container-core-columns-is-layout-9d6595d7 wp-block-columns-is-layout-flex\">\n<div class=\"wp-block-column is-layout-flow wp-block-column-is-layout-flow\">\n<h2 class=\"has-text-align-center wp-block-heading\"><span style=\"color:#0073A8\" class=\"tadv-color\">Vocabulario 3: SI y NO en quechua<\/span><\/h2>\n\n\n\n<p class=\"has-text-align-center\">\u00bfSabes c\u00f3mo se dice <strong><em>si<\/em><\/strong>, <strong><em>no<\/em> <em>y \u00a1no!<\/em><\/strong> en quechua?<\/p>\n\n\n\n<div class=\"wp-block-button aligncenter\"><a class=\"wp-block-button__link\" href=\"https:\/\/aprenderde.com\/quechua-cusco\/vocabulario\/si-y-no-en-quechua\/\">VER TEMA<\/a><\/div>\n<\/div>\n\n\n\n<div class=\"wp-block-column is-layout-flow wp-block-column-is-layout-flow\">\n<h2 class=\"has-text-align-center wp-block-heading\"><span style=\"color:#0073A8\" class=\"tadv-color\">Vocabulario 4: Partes del cuerpo<\/span><\/h2>\n\n\n\n<p class=\"has-text-align-center\">Cabeza: Uma, Cara: Uya, Ojo: \u00d1awi, Oreja\u2026<\/p>\n\n\n\n<div class=\"wp-block-button aligncenter\"><a class=\"wp-block-button__link\" href=\"https:\/\/aprenderde.com\/quechua-cusco\/vocabulario\/partes-del-cuerpo-en-quechua\/\">VER TEMA<\/a><\/div>\n<\/div>\n<\/div>\n\n\n\n<div class=\"wp-block-columns is-layout-flex wp-container-core-columns-is-layout-9d6595d7 wp-block-columns-is-layout-flex\">\n<div class=\"wp-block-column is-layout-flow wp-block-column-is-layout-flow\">\n<h2 class=\"has-text-align-center wp-block-heading\"><span style=\"color:#0073A8\" class=\"tadv-color\">Vocabulario 5: Saludos, despedidas y cortes\u00eda<\/span><\/h2>\n\n\n\n<p class=\"has-text-align-center\">Saludos, despedidas y expresiones de cortes\u00eda en quechua.<\/p>\n\n\n\n<div class=\"wp-block-button aligncenter\"><a class=\"wp-block-button__link\" href=\"https:\/\/aprenderde.com\/quechua-cusco\/vocabulario\/saludos-despedidas-y-expresiones-de-cortesia-en-quechua\/\">VER TEMA<\/a><\/div>\n<\/div>\n\n\n\n<div class=\"wp-block-column is-layout-flow wp-block-column-is-layout-flow\">\n<h2 class=\"has-text-align-center wp-block-heading\"><span style=\"color:#0073A8\" class=\"tadv-color\">Vocabulario 6: N\u00fameros cardinales y ordinales<\/span><\/h2>\n\n\n\n<p class=\"has-text-align-center\">N\u00fameros en quechua del 1 al mill\u00f3n, cardinales y ordinales.<\/p>\n\n\n\n<div class=\"wp-block-button aligncenter\"><a class=\"wp-block-button__link\" href=\"https:\/\/aprenderde.com\/quechua-cusco\/vocabulario\/numeros-en-quechua\/\">VER TEMA<\/a><\/div>\n<\/div>\n<\/div>\n\n\n\n<div class=\"wp-block-columns is-layout-flex wp-container-core-columns-is-layout-9d6595d7 wp-block-columns-is-layout-flex\">\n<div class=\"wp-block-column is-layout-flow wp-block-column-is-layout-flow\">\n<h2 class=\"has-text-align-center wp-block-heading\"><span style=\"color:#0073A8\" class=\"tadv-color\">Vocabulario 7: Animales en quechua<\/span><\/h2>\n\n\n\n<p class=\"has-text-align-center\">Perro: Alqo, Gallo: K&#8217;anka, Gallina: Wallpa, Gato\u2026<\/p>\n\n\n\n<div class=\"wp-block-button aligncenter\"><a class=\"wp-block-button__link\" href=\"https:\/\/aprenderde.com\/quechua-cusco\/vocabulario\/animales-en-quechua\/\">VER TEMA<\/a><\/div>\n<\/div>\n\n\n\n<div class=\"wp-block-column is-layout-flow wp-block-column-is-layout-flow\">\n<h2 class=\"has-text-align-center wp-block-heading\"><span style=\"color:#0073A8\" class=\"tadv-color\">Vocabulario 8: Colores en quechua<\/span><\/h2>\n\n\n\n<p class=\"has-text-align-center\">\u00bfSabes que colores son yuraq, ancash, puka, etc.?<\/p>\n\n\n\n<div class=\"wp-block-button aligncenter\"><a class=\"wp-block-button__link\" href=\"https:\/\/aprenderde.com\/quechua-cusco\/vocabulario\/colores-en-quechua\/\">VER TEMA<\/a><\/div>\n<\/div>\n<\/div>\n\n\n\n<div class=\"wp-block-columns is-layout-flex wp-container-core-columns-is-layout-9d6595d7 wp-block-columns-is-layout-flex\">\n<div class=\"wp-block-column is-layout-flow wp-block-column-is-layout-flow\">\n<h2 class=\"has-text-align-center wp-block-heading\"><span style=\"color:#0073A8\" class=\"tadv-color\">Vocabulario 9: Meses y d\u00edas de la semana en quechua<\/span><\/h2>\n\n\n\n<p class=\"has-text-align-center\">Todos los meses y d\u00edas de la semana en quechua.<\/p>\n\n\n\n<div class=\"wp-block-button aligncenter\"><a class=\"wp-block-button__link\" href=\"https:\/\/aprenderde.com\/quechua-cusco\/vocabulario\/meses-y-dias-de-la-semana-en-quechua\/\">VER TEMA<\/a><\/div>\n<\/div>\n\n\n\n<div class=\"wp-block-column is-layout-flow wp-block-column-is-layout-flow\">\n<h2 class=\"has-text-align-center wp-block-heading\"><span style=\"color:#0073A8\" class=\"tadv-color\">Gram\u00e1tica 2: Pronombres personales<\/span><\/h2>\n\n\n\n<p class=\"has-text-align-center\">\u00bfSabias que hay 2 formas de decir <strong>nosotros<\/strong> en quechua?<\/p>\n\n\n\n<div class=\"wp-block-button aligncenter\"><a class=\"wp-block-button__link\" href=\"https:\/\/aprenderde.com\/quechua-cusco\/vocabulario\/pronombres-personales-en-quechua\/\">VER TEMA<\/a><\/div>\n<\/div>\n<\/div>\n\n\n\n<div class=\"wp-block-columns is-layout-flex wp-container-core-columns-is-layout-9d6595d7 wp-block-columns-is-layout-flex\">\n<div class=\"wp-block-column is-layout-flow wp-block-column-is-layout-flow\">\n<h2 class=\"has-text-align-center wp-block-heading\"><span style=\"color:#0073A8\" class=\"tadv-color\">Gram\u00e1tica 11: Pronombres demostrativos<\/span><\/h2>\n\n\n\n<p class=\"has-text-align-center\">\u00c9ste, \u00e9sta, \u00c9se, \u00e9sa, Aqu\u00e9l, aqu\u00e9lla, etc.<\/p>\n\n\n\n<div class=\"wp-block-button aligncenter\"><a class=\"wp-block-button__link\" href=\"https:\/\/aprenderde.com\/quechua-cusco\/vocabulario\/oraciones-en-quechua-pronombres-demostrativos\/\">VER TEMA<\/a><\/div>\n<\/div>\n\n\n\n<div class=\"wp-block-column is-layout-flow wp-block-column-is-layout-flow\">\n<h2 class=\"has-text-align-center has-central-palette-3-color has-text-color wp-block-heading\">Pronto habr\u00e1 m\u00e1s quechua para ti<\/h2>\n\n\n\n<script async=\"\" src=\"https:\/\/pagead2.googlesyndication.com\/pagead\/js\/adsbygoogle.js\"><\/script>\n<ins class=\"adsbygoogle\" style=\"display:block\" data-ad-format=\"autorelaxed\" data-ad-client=\"ca-pub-1730987954818825\" data-ad-slot=\"8481025056\"><\/ins>\n<script>\n     (adsbygoogle = window.adsbygoogle || []).push({});\n<\/script>\n<\/div>\n<\/div>\n","protected":false},"excerpt":{"rendered":"<p>En esta secci\u00f3n podr\u00e1s encontrar los siguientes temas: Vocabulario 1: Verbos b\u00e1sicos Una lista de 40 verbos b\u00e1sicos del idioma quechua. Vocabulario 2: La familia en quechua Personas y miembros de la familia en quechua. Vocabulario 3: SI y NO en quechua \u00bfSabes c\u00f3mo se dice si, no y \u00a1no! en quechua? Vocabulario 4: Partes &#8230; <a title=\"Vocabulario quechua\" class=\"read-more\" href=\"https:\/\/aprenderde.com\/quechua-cusco\/vocabulario-quechua\/\" aria-label=\"Leer m\u00e1s sobre Vocabulario quechua\">Leer m\u00e1s<\/a><\/p>\n","protected":false},"author":1,"featured_media":0,"parent":0,"menu_order":0,"comment_status":"closed","ping_status":"closed","template":"","meta":{"footnotes":""},"class_list":["post-729","page","type-page","status-publish"],"_links":{"self":[{"href":"https:\/\/aprenderde.com\/quechua-cusco\/wp-json\/wp\/v2\/pages\/729","targetHints":{"allow":["GET"]}}],"collection":[{"href":"https:\/\/aprenderde.com\/quechua-cusco\/wp-json\/wp\/v2\/pages"}],"about":[{"href":"https:\/\/aprenderde.com\/quechua-cusco\/wp-json\/wp\/v2\/types\/page"}],"author":[{"embeddable":true,"href":"https:\/\/aprenderde.com\/quechua-cusco\/wp-json\/wp\/v2\/users\/1"}],"replies":[{"embeddable":true,"href":"https:\/\/aprenderde.com\/quechua-cusco\/wp-json\/wp\/v2\/comments?post=729"}],"version-history":[{"count":20,"href":"https:\/\/aprenderde.com\/quechua-cusco\/wp-json\/wp\/v2\/pages\/729\/revisions"}],"predecessor-version":[{"id":1540,"href":"https:\/\/aprenderde.com\/quechua-cusco\/wp-json\/wp\/v2\/pages\/729\/revisions\/1540"}],"wp:attachment":[{"href":"https:\/\/aprenderde.com\/quechua-cusco\/wp-json\/wp\/v2\/media?parent=729"}],"curies":[{"name":"wp","href":"https:\/\/api.w.org\/{rel}","templated":true}]}}