{"id":746,"date":"2019-12-24T11:44:08","date_gmt":"2019-12-24T17:44:08","guid":{"rendered":"https:\/\/aprenderquechua.com\/?page_id=746"},"modified":"2021-06-21T19:52:56","modified_gmt":"2021-06-22T01:52:56","slug":"curso-de-quechua-gratis","status":"publish","type":"page","link":"https:\/\/aprenderde.com\/quechua-cusco\/curso-de-quechua-gratis\/","title":{"rendered":"Curso de quechua gratis"},"content":{"rendered":"\n<!-- In-article1 -->\n<ins class=\"adsbygoogle\" style=\"display:block; text-align:center;\" data-ad-layout=\"in-article\" data-ad-format=\"fluid\" data-ad-client=\"ca-pub-1730987954818825\" data-ad-slot=\"7368134539\"><\/ins>\n<script>\n     (adsbygoogle = window.adsbygoogle || []).push({});\n<\/script>\n\n\n\n<p>En este curso gratuito podr\u00e1s aprender quechua de manera f\u00e1cil y practica, pues hay muchos ejemplos para que las lecciones te queden claras.<\/p>\n\n\n\n<p>\u00bfQuieres aumentar tu <strong><em>vocabulario<\/em><\/strong>? Ve a <em><strong><span style=\"color:#0078D7\" class=\"tadv-color\"><a href=\"https:\/\/aprenderde.com\/quechua-cusco\/vocabulario-quechua\/\">esta secci\u00f3n<\/a><\/span><\/strong><\/em>.<\/p>\n\n\n\n<p>En esta pagina te muestro las lecciones de <strong><em><span style=\"color:#0078D7\" class=\"tadv-color\">gram\u00e1tica quechua<\/span><\/em><\/strong> y <strong><em>vocabulario<\/em><\/strong> en <span style=\"background-color:#FAD2E0\" class=\"tadv-background-color\">el orden en que deber\u00edas de estudiarlas<\/span>, para que puedas aprender a formar oraciones y empezar a <em>hablar en quechua<\/em>.<\/p>\n\n\n\n<div class=\"wp-block-columns is-layout-flex wp-container-core-columns-is-layout-9d6595d7 wp-block-columns-is-layout-flex\">\n<div class=\"wp-block-column is-layout-flow wp-block-column-is-layout-flow\">\n<h2 class=\"has-text-align-center wp-block-heading\"><span style=\"color:#0073A8\" class=\"tadv-color\">Gram\u00e1tica 1: Pronunciaci\u00f3n y fon\u00e9tica<\/span><\/h2>\n\n\n\n<p class=\"has-text-align-center\">Es necesario dedicar la primera lecci\u00f3n a la pronunciaci\u00f3n del quechua, pues no esta\u2026<\/p>\n\n\n\n<div class=\"wp-block-button aligncenter\"><a class=\"wp-block-button__link\" href=\"https:\/\/aprenderde.com\/quechua-cusco\/gramatica\/pronunciacion-y-fonetica\/\">VER LECCI\u00d3N<\/a><\/div>\n<\/div>\n\n\n\n<div class=\"wp-block-column is-layout-flow wp-block-column-is-layout-flow\">\n<h2 class=\"has-text-align-center wp-block-heading\"><span style=\"color:#0073A8\" class=\"tadv-color\">Gram\u00e1tica 2: Pronombres personales<\/span><\/h2>\n\n\n\n<p class=\"has-text-align-center\">\u00bfSabias que hay 2 palabras para decir <strong>nosotros<\/strong> y una sola para <strong>\u00e9l<\/strong> y <strong>ella<\/strong> en quechua?<\/p>\n\n\n\n<div class=\"wp-block-button aligncenter\"><a class=\"wp-block-button__link\" href=\"https:\/\/aprenderde.com\/quechua-cusco\/vocabulario\/pronombres-personales-en-quechua\/\">VER LECCI\u00d3N<\/a><\/div>\n<\/div>\n<\/div>\n\n\n\n<figure class=\"wp-block-image size-full\"><a href=\"https:\/\/aprenderde.com\/quechua-cusco\/contacto\/\"><img loading=\"lazy\" decoding=\"async\" width=\"700\" height=\"431\" src=\"https:\/\/aprenderde.com\/quechua-cusco\/wp-content\/uploads\/2021\/06\/clases-virtuales.jpg\" alt=\"\" class=\"wp-image-1533\" srcset=\"https:\/\/aprenderde.com\/quechua-cusco\/wp-content\/uploads\/2021\/06\/clases-virtuales.jpg 700w, https:\/\/aprenderde.com\/quechua-cusco\/wp-content\/uploads\/2021\/06\/clases-virtuales-300x185.jpg 300w, https:\/\/aprenderde.com\/quechua-cusco\/wp-content\/uploads\/2021\/06\/clases-virtuales-676x416.jpg 676w\" sizes=\"auto, (max-width: 700px) 100vw, 700px\" \/><\/a><figcaption>Cont\u00e1ctame por WhatsApp o Telegram:<\/figcaption><\/figure>\n\n\n\n<div class=\"wp-block-buttons aligncenter is-layout-flex wp-block-buttons-is-layout-flex\">\n<div class=\"wp-block-button\"><a class=\"wp-block-button__link has-background\" href=\"https:\/\/wa.me\/51978705986\" style=\"border-radius:2px;background-color:#1ec53f\" target=\"_blank\" rel=\"noopener\">WhatsApp: +51 978 705 986<\/a><\/div>\n\n\n\n<div class=\"wp-block-button is-style-outline is-style-outline--1\"><a class=\"wp-block-button__link has-text-color has-background\" href=\"https:\/\/t.me\/AprenderQuechuaCom\" style=\"border-radius:2px;background-color:#1c90cc;color:#ffffff\">Telegram<\/a><\/div>\n<\/div>\n\n\n\n<div class=\"wp-block-columns is-layout-flex wp-container-core-columns-is-layout-9d6595d7 wp-block-columns-is-layout-flex\">\n<div class=\"wp-block-column is-layout-flow wp-block-column-is-layout-flow\">\n<h2 class=\"has-text-align-center wp-block-heading\"><span style=\"color:#338A64\" class=\"tadv-color\">Vocabulario 1: Verbos b\u00e1sicos<\/span><\/h2>\n\n\n\n<p class=\"has-text-align-center\">Una <strong>lista de 40 verbos<\/strong> b\u00e1sicos del idioma quechua.<\/p>\n\n\n\n<div class=\"wp-block-button aligncenter\"><a class=\"wp-block-button__link\" href=\"https:\/\/aprenderde.com\/quechua-cusco\/vocabulario\/verbos-basicos-en-quechua\/\">VER LECCI\u00d3N<\/a><\/div>\n<\/div>\n\n\n\n<div class=\"wp-block-column is-layout-flow wp-block-column-is-layout-flow\">\n<h2 class=\"has-text-align-center wp-block-heading\"><span style=\"color:#338A64\" class=\"tadv-color\">Vocabulario 2: La familia en quechua<\/span><\/h2>\n\n\n\n<p class=\"has-text-align-center\">Personas y miembros de la familia en quechua.<\/p>\n\n\n\n<div class=\"wp-block-button aligncenter\"><a class=\"wp-block-button__link\" href=\"https:\/\/aprenderde.com\/quechua-cusco\/vocabulario\/miembros-de-familia-en-quechua\/\">VER LECCI\u00d3N<\/a><\/div>\n<\/div>\n<\/div>\n\n\n\n<h2 class=\"wp-block-heading\"><span style=\"color:#D8373E\" class=\"tadv-color\">Conjugaci\u00f3n de verbos en quechua<\/span><\/h2>\n\n\n\n<div class=\"wp-block-columns is-layout-flex wp-container-core-columns-is-layout-9d6595d7 wp-block-columns-is-layout-flex\">\n<div class=\"wp-block-column is-layout-flow wp-block-column-is-layout-flow\">\n<h2 class=\"has-text-align-center wp-block-heading\"><span style=\"color:#0078D7\" class=\"tadv-color\">Gram\u00e1tica 3: Presente simple<\/span><\/h2>\n\n\n\n<p class=\"has-text-align-center\">Terminaciones verbales para la conjugaci\u00f3n en presente simple.<\/p>\n\n\n\n<div class=\"wp-block-button aligncenter\"><a class=\"wp-block-button__link\" href=\"https:\/\/aprenderde.com\/quechua-cusco\/gramatica\/conjugacion-de-verbos-en-presente-simple\/\">VER LECCI\u00d3N<\/a><\/div>\n<\/div>\n\n\n\n<div class=\"wp-block-column is-layout-flow wp-block-column-is-layout-flow\">\n<h2 class=\"has-text-align-center wp-block-heading\"><span style=\"color:#0078D7\" class=\"tadv-color\">Gram\u00e1tica 4: Presente continuo<\/span><\/h2>\n\n\n\n<p class=\"has-text-align-center\">\u00bfC\u00f3mo dir\u00edas &#8216;ellos est\u00e1n viniendo&#8217; en quechua? Aqu\u00ed lo aprender\u00e1s.<\/p>\n\n\n\n<div class=\"wp-block-button aligncenter\"><a class=\"wp-block-button__link\" href=\"https:\/\/aprenderde.com\/quechua-cusco\/gramatica\/conjugacion-de-verbos-en-presente-continuo\/\">VER LECCI\u00d3N<\/a><\/div>\n<\/div>\n<\/div>\n\n\n\n<div class=\"wp-block-columns is-layout-flex wp-container-core-columns-is-layout-9d6595d7 wp-block-columns-is-layout-flex\">\n<div class=\"wp-block-column is-layout-flow wp-block-column-is-layout-flow\">\n<h2 class=\"has-text-align-center wp-block-heading\"><span style=\"color:#0078D7\" class=\"tadv-color\">Gram\u00e1tica 5: Pasado simple y continuo<\/span><\/h2>\n\n\n\n<p class=\"has-text-align-center\">Con solo un par de silabas aprender\u00e1s estas conjugaciones.<\/p>\n\n\n\n<div class=\"wp-block-button aligncenter\"><a class=\"wp-block-button__link\" href=\"https:\/\/aprenderde.com\/quechua-cusco\/gramatica\/conjugacion-de-verbos-en-pasado-simple-y-continuo\/\">VER LECCI\u00d3N<\/a><\/div>\n<\/div>\n\n\n\n<div class=\"wp-block-column is-layout-flow wp-block-column-is-layout-flow\">\n<h2 class=\"has-text-align-center wp-block-heading\"><span style=\"color:#0078D7\" class=\"tadv-color\">Gram\u00e1tica 6: Futuro simple y continuo<\/span><\/h2>\n\n\n\n<p class=\"has-text-align-center\">El tiempo futuro en quechua tambi\u00e9n es muy f\u00e1cil, pero \u2026<\/p>\n\n\n\n<div class=\"wp-block-button aligncenter\"><a class=\"wp-block-button__link\" href=\"https:\/\/aprenderde.com\/quechua-cusco\/gramatica\/conjugacion-de-verbos-en-futuro-simple-y-continuo\/\">VER LECCI\u00d3N<\/a><\/div>\n<\/div>\n<\/div>\n\n\n\n<script async=\"\" src=\"https:\/\/pagead2.googlesyndication.com\/pagead\/js\/adsbygoogle.js\"><\/script>\n<ins class=\"adsbygoogle\" style=\"display:block\" data-ad-format=\"autorelaxed\" data-ad-client=\"ca-pub-1730987954818825\" data-ad-slot=\"8481025056\"><\/ins>\n<script>\n     (adsbygoogle = window.adsbygoogle || []).push({});\n<\/script>\n\n\n\n<h2 class=\"wp-block-heading\"><span style=\"color:#D8373E\" class=\"tadv-color\">Frases y oraciones en quechua<\/span><\/h2>\n\n\n\n<div class=\"wp-block-columns is-layout-flex wp-container-core-columns-is-layout-9d6595d7 wp-block-columns-is-layout-flex\">\n<div class=\"wp-block-column is-layout-flow wp-block-column-is-layout-flow\">\n<h2 class=\"has-text-align-center wp-block-heading\"><span style=\"color:#014260\" class=\"tadv-color\">Gram\u00e1tica 7: Plural y Posesivos<\/span><\/h2>\n\n\n\n<p class=\"has-text-align-center\">\u00bfC\u00f3mo se indica el plural y la posesi\u00f3n en quechua?<\/p>\n\n\n\n<div class=\"wp-block-button aligncenter\"><a class=\"wp-block-button__link\" href=\"https:\/\/aprenderde.com\/quechua-cusco\/gramatica\/plural-y-posesivos\/\">VER LECCI\u00d3N<\/a><\/div>\n<\/div>\n\n\n\n<div class=\"wp-block-column is-layout-flow wp-block-column-is-layout-flow\">\n<h2 class=\"has-text-align-center wp-block-heading\"><span style=\"color:#014260\" class=\"tadv-color\">Gram\u00e1tica 8: El verbo Kay (ser)<\/span><\/h2>\n\n\n\n<p class=\"has-text-align-center\">El verbo m\u00e1s importante y m\u00e1s usado del quechua.<\/p>\n\n\n\n<div class=\"wp-block-button aligncenter\"><a class=\"wp-block-button__link\" href=\"https:\/\/aprenderde.com\/quechua-cusco\/gramatica\/verbo-kay-ser\/\">VER LECCI\u00d3N<\/a><\/div>\n<\/div>\n<\/div>\n\n\n\n<div class=\"wp-block-columns is-layout-flex wp-container-core-columns-is-layout-9d6595d7 wp-block-columns-is-layout-flex\">\n<div class=\"wp-block-column is-layout-flow wp-block-column-is-layout-flow\">\n<h2 class=\"has-text-align-center wp-block-heading\"><span style=\"color:#014260\" class=\"tadv-color\">Gram\u00e1tica 9: Imperativos en quechua<\/span><\/h2>\n\n\n\n<p class=\"has-text-align-center\">\u00a1Haz esto! \u00a1No hagas eso! Dar ordenes o instrucciones es muy f\u00e1cil en quechua.<\/p>\n\n\n\n<div class=\"wp-block-button aligncenter\"><a class=\"wp-block-button__link\" href=\"https:\/\/aprenderde.com\/quechua-cusco\/gramatica\/oraciones-en-quechua-imperativas\/\">VER LECCI\u00d3N<\/a><\/div>\n<\/div>\n\n\n\n<div class=\"wp-block-column is-layout-flow wp-block-column-is-layout-flow\">\n<h2 class=\"has-text-align-center wp-block-heading\"><span style=\"color:#014260\" class=\"tadv-color\">Gram\u00e1tica 10: Oraciones con el sufijo -TA<\/span><\/h2>\n\n\n\n<p class=\"has-text-align-center\">Aqu\u00ed podr\u00e1s aprender a formar oraciones en quechua, \u00a1en presente, pasado y futuro!<\/p>\n\n\n\n<div class=\"wp-block-button aligncenter\"><a class=\"wp-block-button__link\" href=\"https:\/\/aprenderde.com\/quechua-cusco\/gramatica\/oraciones-en-quechua-sufijo-ta\/\">VER LECCI\u00d3N<\/a><\/div>\n<\/div>\n<\/div>\n\n\n\n<div class=\"wp-block-columns is-layout-flex wp-container-core-columns-is-layout-9d6595d7 wp-block-columns-is-layout-flex\">\n<div class=\"wp-block-column is-layout-flow wp-block-column-is-layout-flow\">\n<h2 class=\"has-text-align-center wp-block-heading\"><span style=\"color:#014260\" class=\"tadv-color\">Gram\u00e1tica 11: Pronombres demostrativos<\/span><\/h2>\n\n\n\n<p class=\"has-text-align-center\">Los pronombres demostrativos son: \u00e9ste, \u00e9sta, \u00e9se, \u00e9sa, aqu\u00e9l, aqu\u00e9lla, etc.<\/p>\n\n\n\n<div class=\"wp-block-button aligncenter\"><a class=\"wp-block-button__link\" href=\"https:\/\/aprenderde.com\/quechua-cusco\/vocabulario\/oraciones-en-quechua-pronombres-demostrativos\/\">VER LECCI\u00d3N<\/a><\/div>\n<\/div>\n\n\n\n<div class=\"wp-block-column is-layout-flow wp-block-column-is-layout-flow\">\n<h2 class=\"has-text-align-center wp-block-heading\"><span style=\"color:#014260\" class=\"tadv-color\">Gram\u00e1tica 12: El sufijo -qa para la 3ra persona<\/span><\/h2>\n\n\n\n<p class=\"has-text-align-center\">El sufijo -qa es esencial en el quechua, aparece en todos lados y en &#8230;<\/p>\n\n\n\n<div class=\"wp-block-button aligncenter\"><a class=\"wp-block-button__link\" href=\"https:\/\/aprenderde.com\/quechua-cusco\/gramatica\/oraciones-en-quechua-sufijo-qa-tercera-persona\/\">VER LECCI\u00d3N<\/a><\/div>\n<\/div>\n<\/div>\n\n\n\n<div class=\"wp-block-columns is-layout-flex wp-container-core-columns-is-layout-9d6595d7 wp-block-columns-is-layout-flex\">\n<div class=\"wp-block-column is-layout-flow wp-block-column-is-layout-flow\">\n<h2 class=\"has-text-align-center wp-block-heading\"><span style=\"color:#014260\" class=\"tadv-color\">Gram\u00e1tica 13: Oraciones negativas en quechua<\/span><\/h2>\n\n\n\n<p class=\"has-text-align-center\">Para formar oraciones negativas en quechua necesitamos al sufijo -chu, el cual indica el elemento negado.<\/p>\n\n\n\n<div class=\"wp-block-button aligncenter\"><a class=\"wp-block-button__link\" href=\"https:\/\/aprenderde.com\/quechua-cusco\/gramatica\/oraciones-negativas-en-quechua-sufijo-chu\/\">VER LECCI\u00d3N<\/a><\/div>\n<\/div>\n\n\n\n<div class=\"wp-block-column is-layout-flow wp-block-column-is-layout-flow\">\n<h2 class=\"has-text-align-center wp-block-heading\"><span style=\"color:#014260\" class=\"tadv-color\">Gram\u00e1tica 14: Oraciones interrogativas<\/span><\/h2>\n\n\n\n<p class=\"has-text-align-center\">Hay 2 formas principales: Con pronombres interrogativos y con el sufijo -chu.<\/p>\n\n\n\n<div class=\"wp-block-button aligncenter\"><a class=\"wp-block-button__link\" href=\"https:\/\/aprenderde.com\/quechua-cusco\/gramatica\/oraciones-interrogativas\/\">VER LECCI\u00d3N<\/a><\/div>\n<\/div>\n<\/div>\n\n\n\n<!-- Feed2 -->\n<ins class=\"adsbygoogle\" style=\"display:block\" data-ad-format=\"fluid\" data-ad-layout-key=\"-gw-3+1f-3d+2z\" data-ad-client=\"ca-pub-1730987954818825\" data-ad-slot=\"6691485296\"><\/ins>\n<script>\n     (adsbygoogle = window.adsbygoogle || []).push({});\n<\/script>\n","protected":false},"excerpt":{"rendered":"<p>En este curso gratuito podr\u00e1s aprender quechua de manera f\u00e1cil y practica, pues hay muchos ejemplos para que las lecciones te queden claras. \u00bfQuieres aumentar tu vocabulario? Ve a esta secci\u00f3n. En esta pagina te muestro las lecciones de gram\u00e1tica quechua y vocabulario en el orden en que deber\u00edas de estudiarlas, para que puedas aprender &#8230; <a title=\"Curso de quechua gratis\" class=\"read-more\" href=\"https:\/\/aprenderde.com\/quechua-cusco\/curso-de-quechua-gratis\/\" aria-label=\"Leer m\u00e1s sobre Curso de quechua gratis\">Leer m\u00e1s<\/a><\/p>\n","protected":false},"author":1,"featured_media":0,"parent":0,"menu_order":0,"comment_status":"closed","ping_status":"closed","template":"","meta":{"footnotes":""},"class_list":["post-746","page","type-page","status-publish"],"_links":{"self":[{"href":"https:\/\/aprenderde.com\/quechua-cusco\/wp-json\/wp\/v2\/pages\/746","targetHints":{"allow":["GET"]}}],"collection":[{"href":"https:\/\/aprenderde.com\/quechua-cusco\/wp-json\/wp\/v2\/pages"}],"about":[{"href":"https:\/\/aprenderde.com\/quechua-cusco\/wp-json\/wp\/v2\/types\/page"}],"author":[{"embeddable":true,"href":"https:\/\/aprenderde.com\/quechua-cusco\/wp-json\/wp\/v2\/users\/1"}],"replies":[{"embeddable":true,"href":"https:\/\/aprenderde.com\/quechua-cusco\/wp-json\/wp\/v2\/comments?post=746"}],"version-history":[{"count":25,"href":"https:\/\/aprenderde.com\/quechua-cusco\/wp-json\/wp\/v2\/pages\/746\/revisions"}],"predecessor-version":[{"id":1539,"href":"https:\/\/aprenderde.com\/quechua-cusco\/wp-json\/wp\/v2\/pages\/746\/revisions\/1539"}],"wp:attachment":[{"href":"https:\/\/aprenderde.com\/quechua-cusco\/wp-json\/wp\/v2\/media?parent=746"}],"curies":[{"name":"wp","href":"https:\/\/api.w.org\/{rel}","templated":true}]}}